{"id":110,"date":"2022-12-25T20:49:34","date_gmt":"2022-12-25T20:49:34","guid":{"rendered":"https:\/\/internationalfuneralservices.com.tr\/?page_id=110"},"modified":"2022-12-25T20:49:34","modified_gmt":"2022-12-25T20:49:34","slug":"cenaze-nakli","status":"publish","type":"page","link":"https:\/\/internationalfuneralservices.com.tr\/index.php\/cenaze-nakli\/","title":{"rendered":"Cenaze Nakli"},"content":{"rendered":"\n<p>\u015eehir i\u00e7i, \u015fehirler aras\u0131 ve uluslar aras\u0131 olarak cenaze nakil hizmetleri vermekteyiz. Mesafe farketmeksizin t\u00fcm cenaze nakil ihtiya\u00e7lar\u0131n\u0131zda VIP cenaze ara\u00e7lar\u0131m\u0131z ile hizmet vermekteyiz. Uluslar aras\u0131 cenaze nakilleri i\u00e7in u\u00e7ak cenaze hizmetimiz bulunmaktad\u0131r. Daha uygun olan durumlarda u\u00e7ak cenaze hizmetimizi devreye sokarak en uygun maliyetlere nakil hizmeti sunmaktay\u0131z.<\/p>\n\n\n\n<figure class=\"wp-block-image size-full\"><img loading=\"lazy\" decoding=\"async\" width=\"950\" height=\"315\" src=\"https:\/\/internationalfuneralservices.com.tr\/wp-content\/uploads\/2022\/12\/gunal.png\" alt=\"\" class=\"wp-image-108\" srcset=\"https:\/\/internationalfuneralservices.com.tr\/wp-content\/uploads\/2022\/12\/gunal.png 950w, https:\/\/internationalfuneralservices.com.tr\/wp-content\/uploads\/2022\/12\/gunal-300x99.png 300w, https:\/\/internationalfuneralservices.com.tr\/wp-content\/uploads\/2022\/12\/gunal-768x255.png 768w\" sizes=\"auto, (max-width: 950px) 100vw, 950px\" \/><\/figure>\n","protected":false},"excerpt":{"rendered":"<p>\u015eehir i\u00e7i, \u015fehirler aras\u0131 ve uluslar aras\u0131 olarak cenaze nakil hizmetleri vermekteyiz. Mesafe farketmeksizin t\u00fcm cenaze nakil ihtiya\u00e7lar\u0131n\u0131zda VIP cenaze ara\u00e7lar\u0131m\u0131z ile hizmet vermekteyiz. Uluslar aras\u0131 cenaze nakilleri i\u00e7in u\u00e7ak cenaze hizmetimiz bulunmaktad\u0131r. Daha uygun olan durumlarda u\u00e7ak cenaze hizmetimizi devreye sokarak en uygun maliyetlere nakil hizmeti sunmaktay\u0131z.<\/p>\n","protected":false},"author":1,"featured_media":0,"parent":0,"menu_order":0,"comment_status":"closed","ping_status":"closed","template":"","meta":{"footnotes":""},"class_list":["post-110","page","type-page","status-publish","hentry"],"_links":{"self":[{"href":"https:\/\/internationalfuneralservices.com.tr\/index.php\/wp-json\/wp\/v2\/pages\/110","targetHints":{"allow":["GET"]}}],"collection":[{"href":"https:\/\/internationalfuneralservices.com.tr\/index.php\/wp-json\/wp\/v2\/pages"}],"about":[{"href":"https:\/\/internationalfuneralservices.com.tr\/index.php\/wp-json\/wp\/v2\/types\/page"}],"author":[{"embeddable":true,"href":"https:\/\/internationalfuneralservices.com.tr\/index.php\/wp-json\/wp\/v2\/users\/1"}],"replies":[{"embeddable":true,"href":"https:\/\/internationalfuneralservices.com.tr\/index.php\/wp-json\/wp\/v2\/comments?post=110"}],"version-history":[{"count":1,"href":"https:\/\/internationalfuneralservices.com.tr\/index.php\/wp-json\/wp\/v2\/pages\/110\/revisions"}],"predecessor-version":[{"id":111,"href":"https:\/\/internationalfuneralservices.com.tr\/index.php\/wp-json\/wp\/v2\/pages\/110\/revisions\/111"}],"wp:attachment":[{"href":"https:\/\/internationalfuneralservices.com.tr\/index.php\/wp-json\/wp\/v2\/media?parent=110"}],"curies":[{"name":"wp","href":"https:\/\/api.w.org\/{rel}","templated":true}]}}