{"id":112,"date":"2022-12-25T20:50:44","date_gmt":"2022-12-25T20:50:44","guid":{"rendered":"https:\/\/internationalfuneralservices.com.tr\/?page_id=112"},"modified":"2022-12-25T20:50:44","modified_gmt":"2022-12-25T20:50:44","slug":"cenaze-hizmetleri","status":"publish","type":"page","link":"https:\/\/internationalfuneralservices.com.tr\/index.php\/cenaze-hizmetleri\/","title":{"rendered":"Cenaze Hizmetleri"},"content":{"rendered":"\n<p>Uzman ekip arkada\u015flar\u0131m\u0131z cenaze i\u015flemlerinizi sizin ad\u0131n\u0131za h\u0131zla yapmaktad\u0131r. Bize gerekli olan ise sadece merhum ki\u015finin kimli\u011fidir. Ba\u015fka bir \u015fey gerekmemektedir. T\u00fcm i\u015flemleriniz i\u015finde uzman, deneyimli ve g\u00fcler y\u00fczl\u00fc ekibimiz taraf\u0131ndan yap\u0131lmaktad\u0131r.<\/p>\n\n\n\n<p>Belediye cenaze i\u015flemleri d\u0131\u015f\u0131nda di\u011fer cenaze i\u015flemlerinizi de (cenazenizin y\u0131kanmas\u0131, kefenlenmesi, ye\u015fil \u00f6rt\u00fc \u00f6rt\u00fclmesi, dini vecibelerin yerine getirilmesi, vb.) istenildi\u011fi takdirde taraf\u0131m\u0131zdan yap\u0131lmaktad\u0131r. Firmam\u0131z cenaze ilgili ilgili t\u00fcm hizmetleri sundu\u011fu i\u00e7in A&#8217;dan Z&#8217;ye cenazenizin her i\u015flemiyle ilgilenmekteyiz. Cenaze defin i\u015flemine kadar yap\u0131lmas\u0131 gereken t\u00fcm i\u015flemleri s\u0131ras\u0131yla yaparak, cenaze defin i\u015flemini ger\u00e7ekle\u015ftirmekteyiz.<\/p>\n\n\n\n<figure class=\"wp-block-image size-full\"><img loading=\"lazy\" decoding=\"async\" width=\"950\" height=\"315\" src=\"https:\/\/internationalfuneralservices.com.tr\/wp-content\/uploads\/2022\/12\/gunal.png\" alt=\"\" class=\"wp-image-108\" srcset=\"https:\/\/internationalfuneralservices.com.tr\/wp-content\/uploads\/2022\/12\/gunal.png 950w, https:\/\/internationalfuneralservices.com.tr\/wp-content\/uploads\/2022\/12\/gunal-300x99.png 300w, https:\/\/internationalfuneralservices.com.tr\/wp-content\/uploads\/2022\/12\/gunal-768x255.png 768w\" sizes=\"auto, (max-width: 950px) 100vw, 950px\" \/><\/figure>\n","protected":false},"excerpt":{"rendered":"<p>Uzman ekip arkada\u015flar\u0131m\u0131z cenaze i\u015flemlerinizi sizin ad\u0131n\u0131za h\u0131zla yapmaktad\u0131r. Bize gerekli olan ise sadece merhum ki\u015finin kimli\u011fidir. Ba\u015fka bir \u015fey gerekmemektedir. T\u00fcm i\u015flemleriniz i\u015finde uzman, deneyimli ve g\u00fcler y\u00fczl\u00fc ekibimiz taraf\u0131ndan yap\u0131lmaktad\u0131r. Belediye cenaze i\u015flemleri d\u0131\u015f\u0131nda di\u011fer cenaze i\u015flemlerinizi de (cenazenizin y\u0131kanmas\u0131, kefenlenmesi, ye\u015fil \u00f6rt\u00fc \u00f6rt\u00fclmesi, dini vecibelerin yerine getirilmesi, vb.) istenildi\u011fi takdirde taraf\u0131m\u0131zdan yap\u0131lmaktad\u0131r. [&hellip;]<\/p>\n","protected":false},"author":1,"featured_media":0,"parent":0,"menu_order":0,"comment_status":"closed","ping_status":"closed","template":"","meta":{"footnotes":""},"class_list":["post-112","page","type-page","status-publish","hentry"],"_links":{"self":[{"href":"https:\/\/internationalfuneralservices.com.tr\/index.php\/wp-json\/wp\/v2\/pages\/112","targetHints":{"allow":["GET"]}}],"collection":[{"href":"https:\/\/internationalfuneralservices.com.tr\/index.php\/wp-json\/wp\/v2\/pages"}],"about":[{"href":"https:\/\/internationalfuneralservices.com.tr\/index.php\/wp-json\/wp\/v2\/types\/page"}],"author":[{"embeddable":true,"href":"https:\/\/internationalfuneralservices.com.tr\/index.php\/wp-json\/wp\/v2\/users\/1"}],"replies":[{"embeddable":true,"href":"https:\/\/internationalfuneralservices.com.tr\/index.php\/wp-json\/wp\/v2\/comments?post=112"}],"version-history":[{"count":1,"href":"https:\/\/internationalfuneralservices.com.tr\/index.php\/wp-json\/wp\/v2\/pages\/112\/revisions"}],"predecessor-version":[{"id":113,"href":"https:\/\/internationalfuneralservices.com.tr\/index.php\/wp-json\/wp\/v2\/pages\/112\/revisions\/113"}],"wp:attachment":[{"href":"https:\/\/internationalfuneralservices.com.tr\/index.php\/wp-json\/wp\/v2\/media?parent=112"}],"curies":[{"name":"wp","href":"https:\/\/api.w.org\/{rel}","templated":true}]}}